{"id":1348,"date":"2021-07-04T23:09:17","date_gmt":"2021-07-04T23:09:17","guid":{"rendered":"https:\/\/posgradolingylit.uaz.edu.mx\/?page_id=1348"},"modified":"2022-05-12T00:19:41","modified_gmt":"2022-05-12T00:19:41","slug":"generacion-2021-2023","status":"publish","type":"page","link":"https:\/\/posgradolingylit.uaz.edu.mx\/?page_id=1348","title":{"rendered":"Generaci\u00f3n 2021-2023"},"content":{"rendered":"\n<p class=\"has-text-align-center\"><strong><span style=\"color:#c39f49\" class=\"has-inline-color\">Tercera generaci\u00f3n 2021-2023<\/span><\/strong><\/p>\n\n\n\n<div class=\"_df_book df-lite\" id=\"df_1355\"  _slug=\"segunda-generacion-2020-2022\" data-title=\"segunda-generacion-2020-2022\" wpoptions=\"true\" thumbtype=\"\" ><\/div><script class=\"df-shortcode-script\" type=\"application\/javascript\">window.option_df_1355 = {\"outline\":[],\"autoEnableOutline\":\"false\",\"autoEnableThumbnail\":\"false\",\"overwritePDFOutline\":\"false\",\"direction\":\"1\",\"pageSize\":\"0\",\"source\":\"http:\\\/\\\/posgradolingylit.uaz.edu.mx\\\/wp-content\\\/uploads\\\/2021\\\/10\\\/Alumnos-de-la-tercera-generacio\\u0301n.pdf\",\"wpOptions\":\"true\"}; if(window.DFLIP && window.DFLIP.parseBooks){window.DFLIP.parseBooks();}<\/script>\n\n\n\n<p><\/p>\n\n\n\n<p><br><br><\/p>\n\n\n\n<p><mark style=\"background-color:rgba(0, 0, 0, 0);color:#c39f49\" class=\"has-inline-color\">Presentaci\u00f3n de avances de trabajo de titulaci\u00f3n<\/mark><\/p>\n\n\n\n<div class=\"_df_thumb \" id=\"df_1494\"  _slug=\"calendario\" data-title=\"calendario-de-presentacion-de-proyecto\" wpoptions=\"true\" thumb=\"http:\/\/posgradolingylit.uaz.edu.mx\/wp-content\/uploads\/2022\/05\/Captura-de-Pantalla-2022-05-11-a-las-19.13.05.png\" thumbtype=\"\" >Calendario de presentaci\u00f3n de proyecto<\/div><script class=\"df-shortcode-script\" type=\"application\/javascript\">window.option_df_1494 = {\"outline\":[],\"autoEnableOutline\":\"false\",\"autoEnableThumbnail\":\"false\",\"overwritePDFOutline\":\"false\",\"backgroundImage\":\"http:\\\/\\\/posgradolingylit.uaz.edu.mx\\\/wp-content\\\/uploads\\\/2021\\\/03\\\/White-Background-High-Definition-Wallpaper-16573.jpeg\",\"direction\":\"1\",\"pageSize\":\"0\",\"source\":\"http:\\\/\\\/posgradolingylit.uaz.edu.mx\\\/wp-content\\\/uploads\\\/2022\\\/05\\\/Presentacio\\u0301n-de-protocolos-TG.pdf\",\"wpOptions\":\"true\"}; if(window.DFLIP && window.DFLIP.parseBooks){window.DFLIP.parseBooks();}<\/script>\n","protected":false},"excerpt":{"rendered":"<p>Tercera generaci\u00f3n 2021-2023 Presentaci\u00f3n de avances de trabajo de titulaci\u00f3n<\/p>\n","protected":false},"author":2,"featured_media":0,"parent":0,"menu_order":0,"comment_status":"closed","ping_status":"closed","template":"","meta":{"footnotes":""},"class_list":["post-1348","page","type-page","status-publish","hentry"],"_links":{"self":[{"href":"https:\/\/posgradolingylit.uaz.edu.mx\/index.php?rest_route=\/wp\/v2\/pages\/1348","targetHints":{"allow":["GET"]}}],"collection":[{"href":"https:\/\/posgradolingylit.uaz.edu.mx\/index.php?rest_route=\/wp\/v2\/pages"}],"about":[{"href":"https:\/\/posgradolingylit.uaz.edu.mx\/index.php?rest_route=\/wp\/v2\/types\/page"}],"author":[{"embeddable":true,"href":"https:\/\/posgradolingylit.uaz.edu.mx\/index.php?rest_route=\/wp\/v2\/users\/2"}],"replies":[{"embeddable":true,"href":"https:\/\/posgradolingylit.uaz.edu.mx\/index.php?rest_route=%2Fwp%2Fv2%2Fcomments&post=1348"}],"version-history":[{"count":5,"href":"https:\/\/posgradolingylit.uaz.edu.mx\/index.php?rest_route=\/wp\/v2\/pages\/1348\/revisions"}],"predecessor-version":[{"id":1501,"href":"https:\/\/posgradolingylit.uaz.edu.mx\/index.php?rest_route=\/wp\/v2\/pages\/1348\/revisions\/1501"}],"wp:attachment":[{"href":"https:\/\/posgradolingylit.uaz.edu.mx\/index.php?rest_route=%2Fwp%2Fv2%2Fmedia&parent=1348"}],"curies":[{"name":"wp","href":"https:\/\/api.w.org\/{rel}","templated":true}]}}