{"id":156,"date":"2021-03-25T00:02:31","date_gmt":"2021-03-25T00:02:31","guid":{"rendered":"https:\/\/posgradolingylit.uaz.edu.mx\/?page_id=156"},"modified":"2025-03-25T01:37:25","modified_gmt":"2025-03-25T01:37:25","slug":"bienvenido-a-la-maestria-en-competencia-linguistica-y-literaria","status":"publish","type":"page","link":"https:\/\/posgradolingylit.uaz.edu.mx\/","title":{"rendered":"Bienvenido a la Maestr\u00eda en Competencia Ling\u00fc\u00edstica y Literaria"},"content":{"rendered":"\t\t<div data-elementor-type=\"wp-page\" data-elementor-id=\"156\" class=\"elementor elementor-156\">\n\t\t\t\t\t\t<section class=\"elementor-section elementor-top-section elementor-element elementor-element-1c1ac4e elementor-section-full_width elementor-section-content-top elementor-section-height-default elementor-section-height-default\" data-id=\"1c1ac4e\" data-element_type=\"section\">\n\t\t\t\t\t\t<div class=\"elementor-container elementor-column-gap-default\">\n\t\t\t\t\t<div class=\"elementor-column elementor-col-100 elementor-top-column elementor-element elementor-element-230629c\" data-id=\"230629c\" data-element_type=\"column\">\n\t\t\t<div class=\"elementor-widget-wrap elementor-element-populated\">\n\t\t\t\t\t\t<div class=\"elementor-element elementor-element-49ee86e elementor-widget elementor-widget-shortcode\" data-id=\"49ee86e\" data-element_type=\"widget\" data-widget_type=\"shortcode.default\">\n\t\t\t\t<div class=\"elementor-widget-container\">\n\t\t\t\t\t<div class=\"elementor-shortcode\"><div class=\"slider_instance\" data-options=\"{&quot;id&quot;:1,&quot;name&quot;:&quot;slider 1&quot;,&quot;instanceName&quot;:&quot;slider 1&quot;,&quot;date&quot;:&quot;2021-05-11 22:36:26&quot;,&quot;status&quot;:&quot;published&quot;,&quot;layerWidth&quot;:&quot;100%&quot;,&quot;shadow&quot;:&quot;effect1&quot;,&quot;mode&quot;:&quot;webgl&quot;,&quot;initialSlide&quot;:0,&quot;grabCursor&quot;:false,&quot;stopOnLastSlide&quot;:true,&quot;responsive&quot;:true,&quot;ratio&quot;:2,&quot;forceResponsive&quot;:true,&quot;fullscreen&quot;:true,&quot;forceFullscreen&quot;:true,&quot;width&quot;:1900,&quot;height&quot;:&quot;1000&quot;,&quot;layerStarOnTransitionStart&quot;:true,&quot;autoplay&quot;:{&quot;enable&quot;:true,&quot;delay&quot;:3000,&quot;disableOnInteraction&quot;:true,&quot;reverseDirection&quot;:true},&quot;buttons&quot;:{&quot;pauseVisible&quot;:true,&quot;muteVisible&quot;:true},&quot;resetVideos&quot;:true,&quot;videoAutoplay&quot;:true,&quot;navigation&quot;:{&quot;enable&quot;:true,&quot;style&quot;:&quot;effect4&quot;},&quot;keyboard&quot;:{&quot;enable&quot;:true},&quot;wheelNavigation&quot;:{&quot;enable&quot;:false,&quot;stopOnLast&quot;:true,&quot;interval&quot;:2000},&quot;pagination&quot;:{&quot;enable&quot;:true,&quot;style&quot;:&quot;effect1&quot;,&quot;clickable&quot;:false,&quot;dynamicBullets&quot;:false},&quot;thumbs&quot;:{&quot;enable&quot;:false,&quot;position&quot;:&quot;bottom&quot;,&quot;thumbWidth&quot;:100,&quot;thumbHeight&quot;:60,&quot;spaceAround&quot;:3,&quot;spaceBetween&quot;:3,&quot;outsideSlider&quot;:true,&quot;centered&quot;:true},&quot;hashNavigation&quot;:{&quot;enable&quot;:false},&quot;loading&quot;:{&quot;fadeEffect&quot;:true,&quot;backgroundColor&quot;:&quot;#FFFFFF&quot;,&quot;color&quot;:&quot;#262626&quot;,&quot;style&quot;:&quot;style3&quot;},&quot;lightbox&quot;:{&quot;backgroundColor&quot;:&quot;#000000F2&quot;,&quot;closeColor&quot;:&quot;#FFFFFF&quot;},&quot;slides&quot;:[{&quot;src&quot;:&quot;http:\\\/\\\/posgradolingylit.uaz.edu.mx\\\/wp-content\\\/uploads\\\/2021\\\/05\\\/WhatsApp-Video-2021-05-09-at-18.38.33.mp4&quot;}],&quot;fullscreenTablet&quot;:true,&quot;fullscreenMobile&quot;:true,&quot;forceFullscreenMobile&quot;:false,&quot;forceFullscreenTablet&quot;:false,&quot;widthMobile&quot;:1900,&quot;widthTablet&quot;:1900,&quot;heightMobile&quot;:550,&quot;heightTablet&quot;:550,&quot;responsiveMobile&quot;:true,&quot;responsiveTablet&quot;:true,&quot;forceResponsiveMobile&quot;:false,&quot;forceResponsiveTablet&quot;:false,&quot;layerHeightMax&quot;:&quot;850px&quot;,&quot;layerHeight&quot;:&quot;100%&quot;,&quot;lightboxMode&quot;:[],&quot;lightboxModeMobile&quot;:[],&quot;lightboxModeTablet&quot;:[],&quot;rootFolder&quot;:&quot;https:\\\/\\\/posgradolingylit.uaz.edu.mx\\\/wp-content\\\/plugins\\\/transition-slider-lite\\\/&quot;}\"><\/div><\/div>\n\t\t\t\t<\/div>\n\t\t\t\t<\/div>\n\t\t\t\t\t<\/div>\n\t\t<\/div>\n\t\t\t\t\t<\/div>\n\t\t<\/section>\n\t\t\t\t<section class=\"elementor-section elementor-top-section elementor-element elementor-element-a5dcc98 elementor-section-boxed elementor-section-height-default elementor-section-height-default\" data-id=\"a5dcc98\" data-element_type=\"section\">\n\t\t\t\t\t\t<div class=\"elementor-container elementor-column-gap-default\">\n\t\t\t\t\t<div class=\"elementor-column elementor-col-50 elementor-top-column elementor-element elementor-element-df9e2d4\" data-id=\"df9e2d4\" data-element_type=\"column\">\n\t\t\t<div class=\"elementor-widget-wrap elementor-element-populated\">\n\t\t\t\t\t\t<div class=\"elementor-element elementor-element-0a91239 elementor-widget elementor-widget-text-editor\" data-id=\"0a91239\" data-element_type=\"widget\" data-widget_type=\"text-editor.default\">\n\t\t\t\t<div class=\"elementor-widget-container\">\n\t\t\t\t\t\t\t<p><span style=\"font-weight: bold;\">Misi\u00f3n<\/span><\/p>\n<p><span style=\"font-weight: var( --e-global-typography-text-font-weight );\">La Maestr\u00eda en Competencia Ling\u00fc\u00edstica y Literaria forma acad\u00e9micos de alto nivel que inciden en los procesos de ense\u00f1anza-aprendizaje de la lengua y la literatura y en los mecanismos comunicativos de la sociedad, con una s\u00f3lida especializaci\u00f3n te\u00f3rica y pr\u00e1ctica en las \u00e1reas de las ciencias del lenguaje, la ling\u00fc\u00edstica, la literatura y el discurso en las m\u00e1s diversas manifestaciones, con el fin de mejorar las transacciones comunicativas de acuerdo con los contextos situacionales.<\/span><\/p>\t\t\t\t\t\t<\/div>\n\t\t\t\t<\/div>\n\t\t\t\t\t<\/div>\n\t\t<\/div>\n\t\t\t\t<div class=\"elementor-column elementor-col-50 elementor-top-column elementor-element elementor-element-b3be019\" data-id=\"b3be019\" data-element_type=\"column\">\n\t\t\t<div class=\"elementor-widget-wrap elementor-element-populated\">\n\t\t\t\t\t\t<div class=\"elementor-element elementor-element-1f8768c elementor-widget elementor-widget-text-editor\" data-id=\"1f8768c\" data-element_type=\"widget\" data-widget_type=\"text-editor.default\">\n\t\t\t\t<div class=\"elementor-widget-container\">\n\t\t\t\t\t\t\t<p><span style=\"font-weight: bold;\">Visi\u00f3n<\/span><\/p>\n<p><span style=\"font-weight: var( --e-global-typography-text-font-weight );\">La Maestr\u00eda en Competencia Ling\u00fc\u00edstica y Literaria es en 2030 un programa de Posgrado de la Universidad Aut\u00f3noma de Zacatecas con competencia internacional, integrado por profesores pertenecientes al SNI y que aporta egresados con una s\u00f3lida formaci\u00f3n te\u00f3rica y pr\u00e1ctica en lengua y literatura, misma que contribuye a la planificaci\u00f3n y microplanificaci\u00f3n en instituciones educativas y empresas, lo que redunda en eficiencia y competitividad.<\/span><\/p>\t\t\t\t\t\t<\/div>\n\t\t\t\t<\/div>\n\t\t\t\t\t<\/div>\n\t\t<\/div>\n\t\t\t\t\t<\/div>\n\t\t<\/section>\n\t\t\t\t<section class=\"elementor-section elementor-top-section elementor-element elementor-element-00f1915 elementor-section-boxed elementor-section-height-default elementor-section-height-default\" data-id=\"00f1915\" data-element_type=\"section\">\n\t\t\t\t\t\t<div class=\"elementor-container elementor-column-gap-default\">\n\t\t\t\t\t<div class=\"elementor-column elementor-col-100 elementor-top-column elementor-element elementor-element-664945f\" data-id=\"664945f\" data-element_type=\"column\">\n\t\t\t<div class=\"elementor-widget-wrap elementor-element-populated\">\n\t\t\t\t\t\t\t<\/div>\n\t\t<\/div>\n\t\t\t\t\t<\/div>\n\t\t<\/section>\n\t\t\t\t<section class=\"elementor-section elementor-top-section elementor-element elementor-element-da4a9b4 elementor-section-boxed elementor-section-height-default elementor-section-height-default\" data-id=\"da4a9b4\" data-element_type=\"section\">\n\t\t\t\t\t\t<div class=\"elementor-container elementor-column-gap-default\">\n\t\t\t\t\t<div class=\"elementor-column elementor-col-100 elementor-top-column elementor-element elementor-element-00aedba\" data-id=\"00aedba\" data-element_type=\"column\">\n\t\t\t<div class=\"elementor-widget-wrap elementor-element-populated\">\n\t\t\t\t\t\t<div class=\"elementor-element elementor-element-a6097ef elementor-arrows-position-inside elementor-pagination-position-outside elementor-widget elementor-widget-image-carousel\" data-id=\"a6097ef\" data-element_type=\"widget\" data-settings=\"{&quot;slides_to_show&quot;:&quot;1&quot;,&quot;navigation&quot;:&quot;both&quot;,&quot;autoplay&quot;:&quot;yes&quot;,&quot;pause_on_hover&quot;:&quot;yes&quot;,&quot;pause_on_interaction&quot;:&quot;yes&quot;,&quot;autoplay_speed&quot;:5000,&quot;infinite&quot;:&quot;yes&quot;,&quot;effect&quot;:&quot;slide&quot;,&quot;speed&quot;:500}\" data-widget_type=\"image-carousel.default\">\n\t\t\t\t<div class=\"elementor-widget-container\">\n\t\t\t\t\t<div class=\"elementor-image-carousel-wrapper swiper\" dir=\"ltr\">\n\t\t\t<div class=\"elementor-image-carousel swiper-wrapper\" aria-live=\"off\">\n\t\t\t\t\t\t\t\t<div class=\"swiper-slide\" role=\"group\" aria-roledescription=\"slide\" aria-label=\"1 de 2\"><a data-elementor-open-lightbox=\"yes\" data-elementor-lightbox-slideshow=\"a6097ef\" data-elementor-lightbox-title=\"5\" data-e-action-hash=\"#elementor-action%3Aaction%3Dlightbox%26settings%3DeyJpZCI6MTc1MCwidXJsIjoiaHR0cHM6XC9cL3Bvc2dyYWRvbGluZ3lsaXQudWF6LmVkdS5teFwvd3AtY29udGVudFwvdXBsb2Fkc1wvMjAyNVwvMDNcLzUucG5nIiwic2xpZGVzaG93IjoiYTYwOTdlZiJ9\" href=\"https:\/\/drive.google.com\/file\/d\/1oSxt0ATARbxULEwTQaR-SE_DwcF40fpg\/view\"><figure class=\"swiper-slide-inner\"><img decoding=\"async\" class=\"swiper-slide-image\" src=\"https:\/\/posgradolingylit.uaz.edu.mx\/wp-content\/uploads\/2025\/03\/5-724x1024.png\" alt=\"5\" \/><\/figure><\/a><\/div><div class=\"swiper-slide\" role=\"group\" aria-roledescription=\"slide\" aria-label=\"2 de 2\"><a data-elementor-open-lightbox=\"yes\" data-elementor-lightbox-slideshow=\"a6097ef\" data-elementor-lightbox-title=\"Captura de Pantalla 2025-03-24 a la(s) 19.37.08\" data-e-action-hash=\"#elementor-action%3Aaction%3Dlightbox%26settings%3DeyJpZCI6MTc1MSwidXJsIjoiaHR0cHM6XC9cL3Bvc2dyYWRvbGluZ3lsaXQudWF6LmVkdS5teFwvd3AtY29udGVudFwvdXBsb2Fkc1wvMjAyNVwvMDNcL0NhcHR1cmEtZGUtUGFudGFsbGEtMjAyNS0wMy0yNC1hLWxhcy0xOS4zNy4wOC5wbmciLCJzbGlkZXNob3ciOiJhNjA5N2VmIn0%3D\" href=\"https:\/\/drive.google.com\/file\/d\/1oSxt0ATARbxULEwTQaR-SE_DwcF40fpg\/view\"><figure class=\"swiper-slide-inner\"><img decoding=\"async\" class=\"swiper-slide-image\" src=\"https:\/\/posgradolingylit.uaz.edu.mx\/wp-content\/uploads\/2025\/03\/Captura-de-Pantalla-2025-03-24-a-las-19.37.08.png\" alt=\"Captura de Pantalla 2025-03-24 a la(s) 19.37.08\" \/><\/figure><\/a><\/div>\t\t\t<\/div>\n\t\t\t\t\t\t\t\t\t\t\t\t<div class=\"elementor-swiper-button elementor-swiper-button-prev\" role=\"button\" tabindex=\"0\">\n\t\t\t\t\t\t<i aria-hidden=\"true\" class=\"eicon-chevron-left\"><\/i>\t\t\t\t\t<\/div>\n\t\t\t\t\t<div class=\"elementor-swiper-button elementor-swiper-button-next\" role=\"button\" tabindex=\"0\">\n\t\t\t\t\t\t<i aria-hidden=\"true\" class=\"eicon-chevron-right\"><\/i>\t\t\t\t\t<\/div>\n\t\t\t\t\n\t\t\t\t\t\t\t\t\t<div class=\"swiper-pagination\"><\/div>\n\t\t\t\t\t\t\t\t\t<\/div>\n\t\t\t\t<\/div>\n\t\t\t\t<\/div>\n\t\t\t\t\t<\/div>\n\t\t<\/div>\n\t\t\t\t\t<\/div>\n\t\t<\/section>\n\t\t\t\t<section class=\"elementor-section elementor-top-section elementor-element elementor-element-2a5915b elementor-section-boxed elementor-section-height-default elementor-section-height-default\" data-id=\"2a5915b\" data-element_type=\"section\">\n\t\t\t\t\t\t<div class=\"elementor-container elementor-column-gap-default\">\n\t\t\t\t\t<div class=\"elementor-column elementor-col-100 elementor-top-column elementor-element elementor-element-1c36429\" data-id=\"1c36429\" data-element_type=\"column\">\n\t\t\t<div class=\"elementor-widget-wrap elementor-element-populated\">\n\t\t\t\t\t\t<div class=\"elementor-element elementor-element-07be90e elementor-widget elementor-widget-text-editor\" data-id=\"07be90e\" data-element_type=\"widget\" data-widget_type=\"text-editor.default\">\n\t\t\t\t<div class=\"elementor-widget-container\">\n\t\t\t\t\t\t\t<p style=\"text-align: center;\"><span style=\"font-weight: bold;\">&nbsp;<\/span><\/p>\n<p style=\"text-align: center;\"><span style=\"font-weight: bold;\">Dra. M\u00f3nica Mu\u00f1oz Mu\u00f1oz<\/span><br>Directora de la Unidad Acad\u00e9mica de Letras<br><a href=\"mailto:mmunozmunoz74@uaz.edu.mx\">mmunozmunoz74@uaz.edu.mx<\/a><br>Tel: (492) 92 4 1916<\/p><p style=\"text-align: center;\"><a href=\"mailto:mcompetencia.ling.lit21@gmail.com\">mcompetencia.ling.lit21@gmail.com<\/a><br><br><\/p>\t\t\t\t\t\t<\/div>\n\t\t\t\t<\/div>\n\t\t\t\t\t<\/div>\n\t\t<\/div>\n\t\t\t\t\t<\/div>\n\t\t<\/section>\n\t\t\t\t<section class=\"elementor-section elementor-top-section elementor-element elementor-element-cfa42c7 elementor-section-boxed elementor-section-height-default elementor-section-height-default\" data-id=\"cfa42c7\" data-element_type=\"section\">\n\t\t\t\t\t\t<div class=\"elementor-container elementor-column-gap-default\">\n\t\t\t\t\t<div class=\"elementor-column elementor-col-100 elementor-top-column elementor-element elementor-element-03282bb\" data-id=\"03282bb\" data-element_type=\"column\">\n\t\t\t<div class=\"elementor-widget-wrap elementor-element-populated\">\n\t\t\t\t\t\t<section class=\"elementor-section elementor-inner-section elementor-element elementor-element-564a44c elementor-section-boxed elementor-section-height-default elementor-section-height-default\" data-id=\"564a44c\" data-element_type=\"section\">\n\t\t\t\t\t\t<div class=\"elementor-container elementor-column-gap-default\">\n\t\t\t\t\t<div class=\"elementor-column elementor-col-50 elementor-inner-column elementor-element elementor-element-d10c776\" data-id=\"d10c776\" data-element_type=\"column\">\n\t\t\t<div class=\"elementor-widget-wrap\">\n\t\t\t\t\t\t\t<\/div>\n\t\t<\/div>\n\t\t\t\t<div class=\"elementor-column elementor-col-50 elementor-inner-column elementor-element elementor-element-77684c2\" data-id=\"77684c2\" data-element_type=\"column\">\n\t\t\t<div class=\"elementor-widget-wrap\">\n\t\t\t\t\t\t\t<\/div>\n\t\t<\/div>\n\t\t\t\t\t<\/div>\n\t\t<\/section>\n\t\t\t\t\t<\/div>\n\t\t<\/div>\n\t\t\t\t\t<\/div>\n\t\t<\/section>\n\t\t\t\t<section class=\"elementor-section elementor-top-section elementor-element elementor-element-53c982c elementor-section-boxed elementor-section-height-default elementor-section-height-default\" data-id=\"53c982c\" data-element_type=\"section\">\n\t\t\t\t\t\t<div class=\"elementor-container elementor-column-gap-default\">\n\t\t\t\t\t<div class=\"elementor-column elementor-col-100 elementor-top-column elementor-element elementor-element-d18f6b0\" data-id=\"d18f6b0\" data-element_type=\"column\">\n\t\t\t<div class=\"elementor-widget-wrap elementor-element-populated\">\n\t\t\t\t\t\t<div class=\"elementor-element elementor-element-44e04b8 elementor-widget elementor-widget-wp-widget-custom_html\" data-id=\"44e04b8\" data-element_type=\"widget\" data-widget_type=\"wp-widget-custom_html.default\">\n\t\t\t\t<div class=\"elementor-widget-container\">\n\t\t\t<div class=\"textwidget custom-html-widget\"><\/div>\t\t<\/div>\n\t\t\t\t<\/div>\n\t\t\t\t\t<\/div>\n\t\t<\/div>\n\t\t\t\t\t<\/div>\n\t\t<\/section>\n\t\t\t\t<\/div>\n\t\t","protected":false},"excerpt":{"rendered":"<p>Misi\u00f3n La Maestr\u00eda en Competencia Ling\u00fc\u00edstica y Literaria forma acad\u00e9micos de alto nivel que inciden en los procesos de ense\u00f1anza-aprendizaje de la lengua y la literatura y en los mecanismos comunicativos de la sociedad, con una s\u00f3lida especializaci\u00f3n te\u00f3rica y pr\u00e1ctica en las \u00e1reas de las ciencias del lenguaje, la ling\u00fc\u00edstica, la literatura y el &hellip; <\/p>\n<div class=\"link-more\"><a href=\"https:\/\/posgradolingylit.uaz.edu.mx\/\" class=\"more-link\">Read More<span class=\"screen-reader-text\"> &#8220;Bienvenido a la Maestr\u00eda en Competencia Ling\u00fc\u00edstica y Literaria&#8221;<\/span><\/a><\/div>\n","protected":false},"author":2,"featured_media":0,"parent":0,"menu_order":0,"comment_status":"closed","ping_status":"closed","template":"","meta":{"footnotes":""},"class_list":["post-156","page","type-page","status-publish","hentry"],"_links":{"self":[{"href":"https:\/\/posgradolingylit.uaz.edu.mx\/index.php?rest_route=\/wp\/v2\/pages\/156","targetHints":{"allow":["GET"]}}],"collection":[{"href":"https:\/\/posgradolingylit.uaz.edu.mx\/index.php?rest_route=\/wp\/v2\/pages"}],"about":[{"href":"https:\/\/posgradolingylit.uaz.edu.mx\/index.php?rest_route=\/wp\/v2\/types\/page"}],"author":[{"embeddable":true,"href":"https:\/\/posgradolingylit.uaz.edu.mx\/index.php?rest_route=\/wp\/v2\/users\/2"}],"replies":[{"embeddable":true,"href":"https:\/\/posgradolingylit.uaz.edu.mx\/index.php?rest_route=%2Fwp%2Fv2%2Fcomments&post=156"}],"version-history":[{"count":179,"href":"https:\/\/posgradolingylit.uaz.edu.mx\/index.php?rest_route=\/wp\/v2\/pages\/156\/revisions"}],"predecessor-version":[{"id":1757,"href":"https:\/\/posgradolingylit.uaz.edu.mx\/index.php?rest_route=\/wp\/v2\/pages\/156\/revisions\/1757"}],"wp:attachment":[{"href":"https:\/\/posgradolingylit.uaz.edu.mx\/index.php?rest_route=%2Fwp%2Fv2%2Fmedia&parent=156"}],"curies":[{"name":"wp","href":"https:\/\/api.w.org\/{rel}","templated":true}]}}