{"id":196,"date":"2021-03-25T01:29:04","date_gmt":"2021-03-25T01:29:04","guid":{"rendered":"https:\/\/posgradolingylit.uaz.edu.mx\/?page_id=196"},"modified":"2021-05-11T21:41:04","modified_gmt":"2021-05-11T21:41:04","slug":"productividad-academica","status":"publish","type":"page","link":"https:\/\/posgradolingylit.uaz.edu.mx\/?page_id=196","title":{"rendered":"Productividad"},"content":{"rendered":"\n<div class=\"wp-block-columns is-layout-flex wp-container-core-columns-is-layout-9d6595d7 wp-block-columns-is-layout-flex\">\n<div class=\"wp-block-column is-layout-flow wp-block-column-is-layout-flow\" style=\"flex-basis:33.33%\">\n<p>Libros<\/p>\n<\/div>\n<\/div>\n\n\n\n<div class=\"wp-block-columns is-layout-flex wp-container-core-columns-is-layout-9d6595d7 wp-block-columns-is-layout-flex\">\n<div class=\"wp-block-column is-layout-flow wp-block-column-is-layout-flow\">\n<div class=\"wp-block-group\"><div class=\"wp-block-group__inner-container is-layout-flow wp-block-group-is-layout-flow\">\n<p class=\"has-text-align-center\"><div class=\"_df_thumb \" id=\"df_847\"  _slug=\"el-incremento-del-lexico\" data-title=\"el-incremento-del-lexico\" wpoptions=\"true\" thumb=\"http:\/\/posgradolingylit.uaz.edu.mx\/wp-content\/uploads\/2021\/04\/Captura-de-Pantalla-2021-04-08-a-las-16.19.35.png\" thumbtype=\"\" >El incremento del l\u00e9xico<\/div><script class=\"df-shortcode-script\" type=\"application\/javascript\">window.option_df_847 = {\"outline\":[],\"autoEnableOutline\":\"false\",\"autoEnableThumbnail\":\"false\",\"overwritePDFOutline\":\"false\",\"backgroundImage\":\"http:\\\/\\\/posgradolingylit.uaz.edu.mx\\\/wp-content\\\/uploads\\\/2021\\\/03\\\/White-Background-High-Definition-Wallpaper-16573.jpeg\",\"direction\":\"1\",\"pageSize\":\"0\",\"source\":\"http:\\\/\\\/posgradolingylit.uaz.edu.mx\\\/wp-content\\\/uploads\\\/2021\\\/03\\\/El-incremento-del-le\\u0301xico.pdf\",\"wpOptions\":\"true\"}; if(window.DFLIP && window.DFLIP.parseBooks){window.DFLIP.parseBooks();}<\/script><\/p>\n<\/div><\/div>\n<\/div>\n\n\n\n<div class=\"wp-block-column is-layout-flow wp-block-column-is-layout-flow\">\n<div class=\"wp-block-group\"><div class=\"wp-block-group__inner-container is-layout-flow wp-block-group-is-layout-flow\">\n<p class=\"has-text-align-center\"><div class=\"_df_thumb \" id=\"df_850\"  _slug=\"la-disponibilidad-lexica\" data-title=\"la-disponibilidad-lexica\" wpoptions=\"true\" thumb=\"http:\/\/posgradolingylit.uaz.edu.mx\/wp-content\/uploads\/2021\/04\/Captura-de-Pantalla-2021-04-08-a-las-16.22.09.png\" thumbtype=\"\" >La disponibilidad l\u00e9xica<\/div><script class=\"df-shortcode-script\" type=\"application\/javascript\">window.option_df_850 = {\"outline\":[],\"autoEnableOutline\":\"false\",\"autoEnableThumbnail\":\"false\",\"overwritePDFOutline\":\"false\",\"backgroundImage\":\"http:\\\/\\\/posgradolingylit.uaz.edu.mx\\\/wp-content\\\/uploads\\\/2021\\\/03\\\/White-Background-High-Definition-Wallpaper-16573.jpeg\",\"direction\":\"1\",\"pageSize\":\"0\",\"source\":\"http:\\\/\\\/posgradolingylit.uaz.edu.mx\\\/wp-content\\\/uploads\\\/2021\\\/03\\\/La-disponibilidad-le\\u0301xica.pdf\",\"wpOptions\":\"true\"}; if(window.DFLIP && window.DFLIP.parseBooks){window.DFLIP.parseBooks();}<\/script><\/p>\n<\/div><\/div>\n<\/div>\n\n\n\n<div class=\"wp-block-column is-layout-flow wp-block-column-is-layout-flow\">\n<div class=\"wp-block-group\"><div class=\"wp-block-group__inner-container is-layout-flow wp-block-group-is-layout-flow\">\n<p class=\"has-text-align-center\"><div class=\"_df_thumb \" id=\"df_853\"  _slug=\"ebook-lengua-lenguaje-cultura-e-interculturalidad\" data-title=\"ebook-lengua-lenguaje-cultura-e-interculturalidad\" wpoptions=\"true\" thumb=\"http:\/\/posgradolingylit.uaz.edu.mx\/wp-content\/uploads\/2021\/04\/Captura-de-Pantalla-2021-04-08-a-las-16.26.48.png\" thumbtype=\"\" >Ebook Lengua, Lenguaje, Cultura e Interculturalidad<\/div><script class=\"df-shortcode-script\" type=\"application\/javascript\">window.option_df_853 = {\"outline\":[],\"autoEnableOutline\":\"false\",\"autoEnableThumbnail\":\"false\",\"overwritePDFOutline\":\"false\",\"backgroundImage\":\"http:\\\/\\\/posgradolingylit.uaz.edu.mx\\\/wp-content\\\/uploads\\\/2021\\\/03\\\/White-Background-High-Definition-Wallpaper-16573.jpeg\",\"direction\":\"1\",\"pageSize\":\"0\",\"source\":\"http:\\\/\\\/posgradolingylit.uaz.edu.mx\\\/wp-content\\\/uploads\\\/2021\\\/04\\\/Ebook-Lengua_Lenguaje_Cultura_e_Interculturalidad-completo-comprimido.pdf\",\"wpOptions\":\"true\"}; if(window.DFLIP && window.DFLIP.parseBooks){window.DFLIP.parseBooks();}<\/script><\/p>\n<\/div><\/div>\n<\/div>\n\n\n\n<div class=\"wp-block-column is-layout-flow wp-block-column-is-layout-flow\">\n<div class=\"wp-block-group\"><div class=\"wp-block-group__inner-container is-layout-flow wp-block-group-is-layout-flow\">\n<p class=\"has-text-align-center\"><div class=\"_df_thumb \" id=\"df_856\"  _slug=\"la-leccion-lexical-como-propuesta-de-ensenanza-de-vocabulario-a-estudiantes-de-primer-ano\" data-title=\"la-leccion-lexical-como-propuesta-de-ensenanza-de-vocabulario-a-estudiantes-de-primer-ano\" wpoptions=\"true\" thumb=\"http:\/\/posgradolingylit.uaz.edu.mx\/wp-content\/uploads\/2021\/04\/Captura-de-Pantalla-2021-04-08-a-las-16.29.03.png\" thumbtype=\"\" >La leccio\u0301n lexical como propuesta de ense\u00f1anza de vocabulario a estudiantes de primer a\u00f1o<\/div><script class=\"df-shortcode-script\" type=\"application\/javascript\">window.option_df_856 = {\"outline\":[],\"autoEnableOutline\":\"false\",\"autoEnableThumbnail\":\"false\",\"overwritePDFOutline\":\"false\",\"backgroundImage\":\"http:\\\/\\\/posgradolingylit.uaz.edu.mx\\\/wp-content\\\/uploads\\\/2021\\\/03\\\/White-Background-High-Definition-Wallpaper-16573.jpeg\",\"direction\":\"1\",\"pageSize\":\"0\",\"source\":\"http:\\\/\\\/posgradolingylit.uaz.edu.mx\\\/wp-content\\\/uploads\\\/2021\\\/04\\\/Lae-leccio\\u0301n-lexical-como-propuesta-comprimido.pdf\",\"wpOptions\":\"true\"}; if(window.DFLIP && window.DFLIP.parseBooks){window.DFLIP.parseBooks();}<\/script><\/p>\n<\/div><\/div>\n<\/div>\n\n\n\n<div class=\"wp-block-column is-layout-flow wp-block-column-is-layout-flow\">\n<div class=\"wp-block-group\"><div class=\"wp-block-group__inner-container is-layout-flow wp-block-group-is-layout-flow\">\n<p class=\"has-text-align-center\"><div class=\"_df_thumb \" id=\"df_859\"  _slug=\"didactica-lexico-y-comunicacion\" data-title=\"didactica-lexico-y-comunicacion\" wpoptions=\"true\" thumb=\"http:\/\/posgradolingylit.uaz.edu.mx\/wp-content\/uploads\/2021\/04\/Captura-de-Pantalla-2021-04-08-a-las-16.31.50.png\" thumbtype=\"\" >Did\u00e1ctica, l\u00e9xico y comunicaci\u00f3n<\/div><script class=\"df-shortcode-script\" type=\"application\/javascript\">window.option_df_859 = {\"outline\":[],\"autoEnableOutline\":\"false\",\"autoEnableThumbnail\":\"false\",\"overwritePDFOutline\":\"false\",\"backgroundImage\":\"http:\\\/\\\/posgradolingylit.uaz.edu.mx\\\/wp-content\\\/uploads\\\/2021\\\/03\\\/White-Background-High-Definition-Wallpaper-16573.jpeg\",\"direction\":\"1\",\"pageSize\":\"0\",\"source\":\"http:\\\/\\\/posgradolingylit.uaz.edu.mx\\\/wp-content\\\/uploads\\\/2021\\\/03\\\/Dida\\u0301ctica-le\\u0301xico-y-comunicacio\\u0301n.pdf\",\"wpOptions\":\"true\"}; if(window.DFLIP && window.DFLIP.parseBooks){window.DFLIP.parseBooks();}<\/script><\/p>\n<\/div><\/div>\n<\/div>\n<\/div>\n\n\n\n<div class=\"wp-block-columns is-layout-flex wp-container-core-columns-is-layout-9d6595d7 wp-block-columns-is-layout-flex\">\n<div class=\"wp-block-column is-layout-flow wp-block-column-is-layout-flow\">\n<div class=\"wp-block-group\"><div class=\"wp-block-group__inner-container is-layout-flow wp-block-group-is-layout-flow\">\n<p class=\"has-text-align-center\"><div class=\"_df_thumb \" id=\"df_862\"  _slug=\"las-tutorias\" data-title=\"las-tutorias\" wpoptions=\"true\" thumb=\"http:\/\/posgradolingylit.uaz.edu.mx\/wp-content\/uploads\/2021\/04\/Captura-de-Pantalla-2021-04-08-a-las-16.34.51.png\" thumbtype=\"\" >Las Tutor\u00edas<\/div><script class=\"df-shortcode-script\" type=\"application\/javascript\">window.option_df_862 = {\"outline\":[],\"autoEnableOutline\":\"false\",\"autoEnableThumbnail\":\"false\",\"overwritePDFOutline\":\"false\",\"backgroundImage\":\"http:\\\/\\\/posgradolingylit.uaz.edu.mx\\\/wp-content\\\/uploads\\\/2021\\\/03\\\/White-Background-High-Definition-Wallpaper-16573.jpeg\",\"direction\":\"1\",\"pageSize\":\"0\",\"source\":\"http:\\\/\\\/posgradolingylit.uaz.edu.mx\\\/wp-content\\\/uploads\\\/2021\\\/03\\\/Las-tutori\\u0301as.pdf\",\"wpOptions\":\"true\"}; if(window.DFLIP && window.DFLIP.parseBooks){window.DFLIP.parseBooks();}<\/script><\/p>\n<\/div><\/div>\n<\/div>\n\n\n\n<div class=\"wp-block-column is-layout-flow wp-block-column-is-layout-flow\">\n<div class=\"wp-block-group\"><div class=\"wp-block-group__inner-container is-layout-flow wp-block-group-is-layout-flow\">\n<p class=\"has-text-align-center\"><div class=\"_df_thumb \" id=\"df_865\"  _slug=\"una-aplicacion-de-la-disponibilidad-lexica\" data-title=\"una-aplicacion-de-la-disponibilidad-lexica\" wpoptions=\"true\" thumb=\"http:\/\/posgradolingylit.uaz.edu.mx\/wp-content\/uploads\/2021\/04\/Captura-de-Pantalla-2021-04-08-a-las-16.36.50.png\" thumbtype=\"\" >Una aplicacio\u0301n de la disponibilidad le\u0301xica<\/div><script class=\"df-shortcode-script\" type=\"application\/javascript\">window.option_df_865 = {\"outline\":[],\"autoEnableOutline\":\"false\",\"autoEnableThumbnail\":\"false\",\"overwritePDFOutline\":\"false\",\"backgroundImage\":\"http:\\\/\\\/posgradolingylit.uaz.edu.mx\\\/wp-content\\\/uploads\\\/2021\\\/03\\\/White-Background-High-Definition-Wallpaper-16573.jpeg\",\"direction\":\"1\",\"pageSize\":\"0\",\"source\":\"http:\\\/\\\/posgradolingylit.uaz.edu.mx\\\/wp-content\\\/uploads\\\/2021\\\/04\\\/Una-aplicacio\\u0301n-de-la-disponibilidad-le\\u0301xica-comprimido.pdf\",\"wpOptions\":\"true\"}; if(window.DFLIP && window.DFLIP.parseBooks){window.DFLIP.parseBooks();}<\/script><\/p>\n<\/div><\/div>\n<\/div>\n\n\n\n<div class=\"wp-block-column is-layout-flow wp-block-column-is-layout-flow\">\n<div class=\"wp-block-group\"><div class=\"wp-block-group__inner-container is-layout-flow wp-block-group-is-layout-flow\">\n<p class=\"has-text-align-center\"><div class=\"_df_thumb \" id=\"df_868\"  _slug=\"la-literatura-y-su-ensenanza\" data-title=\"la-literatura-y-su-ensenanza\" wpoptions=\"true\" thumb=\"http:\/\/posgradolingylit.uaz.edu.mx\/wp-content\/uploads\/2021\/04\/Captura-de-Pantalla-2021-04-08-a-las-16.41.53.png\" thumbtype=\"\" >La literatura y su ense\u00f1anza<\/div><script class=\"df-shortcode-script\" type=\"application\/javascript\">window.option_df_868 = {\"outline\":[],\"autoEnableOutline\":\"false\",\"autoEnableThumbnail\":\"false\",\"overwritePDFOutline\":\"false\",\"backgroundImage\":\"http:\\\/\\\/posgradolingylit.uaz.edu.mx\\\/wp-content\\\/uploads\\\/2021\\\/03\\\/White-Background-High-Definition-Wallpaper-16573.jpeg\",\"direction\":\"1\",\"pageSize\":\"0\",\"source\":\"http:\\\/\\\/posgradolingylit.uaz.edu.mx\\\/wp-content\\\/uploads\\\/2021\\\/04\\\/2016-LA-LIT-Y-SU-ENSEN\\u0303ANZA-241-1.pdf\",\"wpOptions\":\"true\"}; if(window.DFLIP && window.DFLIP.parseBooks){window.DFLIP.parseBooks();}<\/script><\/p>\n<\/div><\/div>\n<\/div>\n\n\n\n<div class=\"wp-block-column is-layout-flow wp-block-column-is-layout-flow\">\n<div class=\"wp-block-group\"><div class=\"wp-block-group__inner-container is-layout-flow wp-block-group-is-layout-flow\">\n<p class=\"has-text-align-center\"><div class=\"_df_thumb \" id=\"df_871\"  _slug=\"palabra-de-politico\" data-title=\"palabra-de-politico\" wpoptions=\"true\" thumb=\"http:\/\/posgradolingylit.uaz.edu.mx\/wp-content\/uploads\/2021\/04\/Captura-de-Pantalla-2021-04-08-a-las-16.42.54.png\" thumbtype=\"\" >Palabra de Pol\u00edtico<\/div><script class=\"df-shortcode-script\" type=\"application\/javascript\">window.option_df_871 = {\"outline\":[],\"autoEnableOutline\":\"false\",\"autoEnableThumbnail\":\"false\",\"overwritePDFOutline\":\"false\",\"backgroundImage\":\"http:\\\/\\\/posgradolingylit.uaz.edu.mx\\\/wp-content\\\/uploads\\\/2021\\\/03\\\/White-Background-High-Definition-Wallpaper-16573.jpeg\",\"direction\":\"1\",\"pageSize\":\"0\",\"source\":\"http:\\\/\\\/posgradolingylit.uaz.edu.mx\\\/wp-content\\\/uploads\\\/2021\\\/04\\\/2016-PALABRA-DE-POLI\\u0301TICO-278-1.pdf\",\"wpOptions\":\"true\"}; if(window.DFLIP && window.DFLIP.parseBooks){window.DFLIP.parseBooks();}<\/script><\/p>\n<\/div><\/div>\n<\/div>\n\n\n\n<div class=\"wp-block-column is-layout-flow wp-block-column-is-layout-flow\">\n<div class=\"wp-block-group\"><div class=\"wp-block-group__inner-container is-layout-flow wp-block-group-is-layout-flow\">\n<p class=\"has-text-align-center\"><div class=\"_df_thumb \" id=\"df_874\"  _slug=\"reflexiones-y-propuestas-para-mejorar-la-competencia-comunicativa\" data-title=\"reflexiones-y-propuestas-para-mejorar-la-competencia-comunicativa\" wpoptions=\"true\" thumb=\"http:\/\/posgradolingylit.uaz.edu.mx\/wp-content\/uploads\/2021\/04\/Captura-de-Pantalla-2021-04-08-a-las-16.45.10.png\" thumbtype=\"\" >Reflexiones y propuestas para mejorar la competencia comunicativa<\/div><script class=\"df-shortcode-script\" type=\"application\/javascript\">window.option_df_874 = {\"outline\":[],\"autoEnableOutline\":\"false\",\"autoEnableThumbnail\":\"false\",\"overwritePDFOutline\":\"false\",\"backgroundImage\":\"http:\\\/\\\/posgradolingylit.uaz.edu.mx\\\/wp-content\\\/uploads\\\/2021\\\/03\\\/White-Background-High-Definition-Wallpaper-16573.jpeg\",\"direction\":\"1\",\"pageSize\":\"0\",\"source\":\"http:\\\/\\\/posgradolingylit.uaz.edu.mx\\\/wp-content\\\/uploads\\\/2021\\\/04\\\/2016-REFLEXIONES-Y-PROPUESTAS-335.pdf\",\"wpOptions\":\"true\"}; if(window.DFLIP && window.DFLIP.parseBooks){window.DFLIP.parseBooks();}<\/script><\/p>\n<\/div><\/div>\n<\/div>\n<\/div>\n\n\n\n<div class=\"wp-block-columns is-layout-flex wp-container-core-columns-is-layout-9d6595d7 wp-block-columns-is-layout-flex\">\n<div class=\"wp-block-column is-layout-flow wp-block-column-is-layout-flow\">\n<div class=\"wp-block-group\"><div class=\"wp-block-group__inner-container is-layout-flow wp-block-group-is-layout-flow\">\n<p class=\"has-text-align-center\"><div class=\"_df_thumb \" id=\"df_879\"  _slug=\"convergencias-en-el-estudio-del-lenguaje\" data-title=\"convergencias-en-el-estudio-del-lenguaje\" wpoptions=\"true\" thumb=\"http:\/\/posgradolingylit.uaz.edu.mx\/wp-content\/uploads\/2021\/04\/Captura-de-Pantalla-2021-04-08-a-las-18.17.40.png\" thumbtype=\"\" >Convergencias en el estudio del lenguaje<\/div><script class=\"df-shortcode-script\" type=\"application\/javascript\">window.option_df_879 = {\"outline\":[],\"autoEnableOutline\":\"false\",\"autoEnableThumbnail\":\"false\",\"overwritePDFOutline\":\"false\",\"backgroundImage\":\"http:\\\/\\\/posgradolingylit.uaz.edu.mx\\\/wp-content\\\/uploads\\\/2021\\\/03\\\/White-Background-High-Definition-Wallpaper-16573.jpeg\",\"direction\":\"1\",\"pageSize\":\"0\",\"source\":\"http:\\\/\\\/posgradolingylit.uaz.edu.mx\\\/wp-content\\\/uploads\\\/2021\\\/04\\\/2017-LINGUAQ-27-y-63-1.pdf\",\"wpOptions\":\"true\"}; if(window.DFLIP && window.DFLIP.parseBooks){window.DFLIP.parseBooks();}<\/script><\/p>\n<\/div><\/div>\n<\/div>\n\n\n\n<div class=\"wp-block-column is-layout-flow wp-block-column-is-layout-flow\">\n<div class=\"wp-block-group\"><div class=\"wp-block-group__inner-container is-layout-flow wp-block-group-is-layout-flow\">\n<p class=\"has-text-align-center\"><div class=\"_df_thumb \" id=\"df_882\"  _slug=\"frecuencias-sintacticas\" data-title=\"frecuencias-sintacticas\" wpoptions=\"true\" thumb=\"http:\/\/posgradolingylit.uaz.edu.mx\/wp-content\/uploads\/2021\/04\/Captura-de-Pantalla-2021-04-08-a-las-16.26.48.png\" thumbtype=\"\" >Frecuencias Sint\u00e1cticas<\/div><script class=\"df-shortcode-script\" type=\"application\/javascript\">window.option_df_882 = {\"outline\":[],\"autoEnableOutline\":\"false\",\"autoEnableThumbnail\":\"false\",\"overwritePDFOutline\":\"false\",\"backgroundImage\":\"http:\\\/\\\/posgradolingylit.uaz.edu.mx\\\/wp-content\\\/uploads\\\/2021\\\/03\\\/White-Background-High-Definition-Wallpaper-16573.jpeg\",\"direction\":\"1\",\"pageSize\":\"0\",\"source\":\"http:\\\/\\\/posgradolingylit.uaz.edu.mx\\\/wp-content\\\/uploads\\\/2021\\\/04\\\/2020UANL-FRECUENCIAS-SINTA\\u0301CTICAS-1.pdf\",\"wpOptions\":\"true\"}; if(window.DFLIP && window.DFLIP.parseBooks){window.DFLIP.parseBooks();}<\/script><\/p>\n<\/div><\/div>\n<\/div>\n\n\n\n<div class=\"wp-block-column is-layout-flow wp-block-column-is-layout-flow\">\n<p class=\"has-text-align-center\"><div class=\"_df_thumb \" id=\"df_1002\"  _slug=\"presencias-arltianas-en-la-narrativa-de-ricardo-piglia\" data-title=\"presencias-arltianas-en-la-narrativa-de-ricardo-piglia\" wpoptions=\"true\" thumb=\"http:\/\/posgradolingylit.uaz.edu.mx\/wp-content\/uploads\/2021\/04\/Captura-de-Pantalla-2021-04-11-a-las-13.17.16.png\" thumbtype=\"\" >Presencias arltianas en la narrativa de Ricardo Piglia<\/div><script class=\"df-shortcode-script\" type=\"application\/javascript\">window.option_df_1002 = {\"outline\":[],\"autoEnableOutline\":\"false\",\"autoEnableThumbnail\":\"false\",\"overwritePDFOutline\":\"false\",\"backgroundImage\":\"http:\\\/\\\/posgradolingylit.uaz.edu.mx\\\/wp-content\\\/uploads\\\/2021\\\/03\\\/White-Background-High-Definition-Wallpaper-16573.jpeg\",\"direction\":\"1\",\"pageSize\":\"0\",\"source\":\"http:\\\/\\\/posgradolingylit.uaz.edu.mx\\\/wp-content\\\/uploads\\\/2021\\\/04\\\/LIBRO-MAR.pdf\",\"wpOptions\":\"true\"}; if(window.DFLIP && window.DFLIP.parseBooks){window.DFLIP.parseBooks();}<\/script><\/p>\n<\/div>\n\n\n\n<div class=\"wp-block-column is-layout-flow wp-block-column-is-layout-flow\">\n<p class=\"has-text-align-center\"><div class=\"_df_thumb \" id=\"df_1008\"  _slug=\"el-holograma-de-la-comunicacion\" data-title=\"el-holograma-de-la-comunicacion\" wpoptions=\"true\" thumb=\"http:\/\/posgradolingylit.uaz.edu.mx\/wp-content\/uploads\/2021\/03\/4b27c988-9b88-43fc-b234-ca4f4e8613a1-2.jpg\" thumbtype=\"\" >El holograma de la comunicaci\u00f3n<\/div><script class=\"df-shortcode-script\" type=\"application\/javascript\">window.option_df_1008 = {\"outline\":[],\"autoEnableOutline\":\"false\",\"autoEnableThumbnail\":\"false\",\"overwritePDFOutline\":\"false\",\"backgroundImage\":\"http:\\\/\\\/posgradolingylit.uaz.edu.mx\\\/wp-content\\\/uploads\\\/2021\\\/03\\\/White-Background-High-Definition-Wallpaper-16573.jpeg\",\"direction\":\"1\",\"pageSize\":\"0\",\"source\":\"http:\\\/\\\/posgradolingylit.uaz.edu.mx\\\/wp-content\\\/uploads\\\/2021\\\/04\\\/El-holograma-de-la-comunicacio\\u0301n.pdf\",\"wpOptions\":\"true\"}; if(window.DFLIP && window.DFLIP.parseBooks){window.DFLIP.parseBooks();}<\/script><\/p>\n<\/div>\n\n\n\n<div class=\"wp-block-column is-layout-flow wp-block-column-is-layout-flow\">\n<p class=\"has-text-align-center\"><div class=\"_df_thumb \" id=\"df_1012\"  _slug=\"conciencia-femenina-en-la-narrativa-espanola-de-posguerra\" data-title=\"conciencia-femenina-en-la-narrativa-espanola-de-posguerra\" wpoptions=\"true\" thumb=\"http:\/\/posgradolingylit.uaz.edu.mx\/wp-content\/uploads\/2021\/04\/conciencia.jpg\" thumbtype=\"\" >Conciencia Femenina en la narrativa espa\u00f1ola de posguerra<\/div><script class=\"df-shortcode-script\" type=\"application\/javascript\">window.option_df_1012 = {\"outline\":[],\"autoEnableOutline\":\"false\",\"autoEnableThumbnail\":\"false\",\"overwritePDFOutline\":\"false\",\"backgroundImage\":\"http:\\\/\\\/posgradolingylit.uaz.edu.mx\\\/wp-content\\\/uploads\\\/2021\\\/03\\\/White-Background-High-Definition-Wallpaper-16573.jpeg\",\"direction\":\"1\",\"pageSize\":\"0\",\"source\":\"http:\\\/\\\/posgradolingylit.uaz.edu.mx\\\/wp-content\\\/uploads\\\/2021\\\/04\\\/Conciencia-Femenina-en-la-narrativa-espan\\u0303ola-de-posguerra.pdf\",\"wpOptions\":\"true\"}; if(window.DFLIP && window.DFLIP.parseBooks){window.DFLIP.parseBooks();}<\/script><\/p>\n<\/div>\n<\/div>\n\n\n\n<div class=\"wp-block-columns is-layout-flex wp-container-core-columns-is-layout-9d6595d7 wp-block-columns-is-layout-flex\">\n<div class=\"wp-block-column is-layout-flow wp-block-column-is-layout-flow\">\n<div class=\"wp-block-columns is-layout-flex wp-container-core-columns-is-layout-9d6595d7 wp-block-columns-is-layout-flex\">\n<div class=\"wp-block-column is-layout-flow wp-block-column-is-layout-flow\">\n<p class=\"has-text-align-center\"><div class=\"_df_thumb \" id=\"df_1261\"  _slug=\"librerias-de-viejo-en-mexico\" data-title=\"librerias-de-viejo-en-mexico\" wpoptions=\"true\" thumb=\"http:\/\/posgradolingylit.uaz.edu.mx\/wp-content\/uploads\/2021\/05\/Captura-de-Pantalla-2021-05-11-a-las-16.31.07.png\" thumbtype=\"\" >Librer\u00edas de viejo en M\u00e9xico<\/div><script class=\"df-shortcode-script\" type=\"application\/javascript\">window.option_df_1261 = {\"outline\":[],\"autoEnableOutline\":\"false\",\"autoEnableThumbnail\":\"false\",\"overwritePDFOutline\":\"false\",\"backgroundImage\":\"http:\\\/\\\/posgradolingylit.uaz.edu.mx\\\/wp-content\\\/uploads\\\/2021\\\/03\\\/White-Background-High-Definition-Wallpaper-16573.jpeg\",\"direction\":\"1\",\"pageSize\":\"0\",\"source\":\"http:\\\/\\\/posgradolingylit.uaz.edu.mx\\\/wp-content\\\/uploads\\\/2021\\\/05\\\/Librerias-de-viejo-en-Me\\u0301xico-2.2.pdf\",\"wpOptions\":\"true\"}; if(window.DFLIP && window.DFLIP.parseBooks){window.DFLIP.parseBooks();}<\/script><\/p>\n<\/div>\n<\/div>\n<\/div>\n\n\n\n<div class=\"wp-block-column is-layout-flow wp-block-column-is-layout-flow\">\n<p class=\"has-text-align-center\"><div class=\"_df_thumb \" id=\"df_1267\"  _slug=\"asi-leo-cuando-veo\" data-title=\"asi-leo-cuando-veo\" wpoptions=\"true\" thumb=\"http:\/\/posgradolingylit.uaz.edu.mx\/wp-content\/uploads\/2021\/05\/Captura-de-Pantalla-2021-05-11-a-las-16.30.46.png\" thumbtype=\"\" >As\u00ed leo cuando veo<\/div><script class=\"df-shortcode-script\" type=\"application\/javascript\">window.option_df_1267 = {\"outline\":[],\"autoEnableOutline\":\"false\",\"autoEnableThumbnail\":\"false\",\"overwritePDFOutline\":\"false\",\"backgroundImage\":\"http:\\\/\\\/posgradolingylit.uaz.edu.mx\\\/wp-content\\\/uploads\\\/2021\\\/03\\\/White-Background-High-Definition-Wallpaper-16573.jpeg\",\"direction\":\"1\",\"pageSize\":\"0\",\"source\":\"http:\\\/\\\/posgradolingylit.uaz.edu.mx\\\/wp-content\\\/uploads\\\/2021\\\/05\\\/Asi\\u0301-leo-cuando-veo-2.pdf\",\"wpOptions\":\"true\"}; if(window.DFLIP && window.DFLIP.parseBooks){window.DFLIP.parseBooks();}<\/script><\/p>\n<\/div>\n\n\n\n<div class=\"wp-block-column is-layout-flow wp-block-column-is-layout-flow\"><\/div>\n\n\n\n<div class=\"wp-block-column is-layout-flow wp-block-column-is-layout-flow\"><\/div>\n\n\n\n<div class=\"wp-block-column is-layout-flow wp-block-column-is-layout-flow\"><\/div>\n<\/div>\n","protected":false},"excerpt":{"rendered":"<p>Libros<\/p>\n","protected":false},"author":2,"featured_media":0,"parent":0,"menu_order":0,"comment_status":"closed","ping_status":"closed","template":"","meta":{"footnotes":""},"class_list":["post-196","page","type-page","status-publish","hentry"],"_links":{"self":[{"href":"https:\/\/posgradolingylit.uaz.edu.mx\/index.php?rest_route=\/wp\/v2\/pages\/196","targetHints":{"allow":["GET"]}}],"collection":[{"href":"https:\/\/posgradolingylit.uaz.edu.mx\/index.php?rest_route=\/wp\/v2\/pages"}],"about":[{"href":"https:\/\/posgradolingylit.uaz.edu.mx\/index.php?rest_route=\/wp\/v2\/types\/page"}],"author":[{"embeddable":true,"href":"https:\/\/posgradolingylit.uaz.edu.mx\/index.php?rest_route=\/wp\/v2\/users\/2"}],"replies":[{"embeddable":true,"href":"https:\/\/posgradolingylit.uaz.edu.mx\/index.php?rest_route=%2Fwp%2Fv2%2Fcomments&post=196"}],"version-history":[{"count":54,"href":"https:\/\/posgradolingylit.uaz.edu.mx\/index.php?rest_route=\/wp\/v2\/pages\/196\/revisions"}],"predecessor-version":[{"id":1270,"href":"https:\/\/posgradolingylit.uaz.edu.mx\/index.php?rest_route=\/wp\/v2\/pages\/196\/revisions\/1270"}],"wp:attachment":[{"href":"https:\/\/posgradolingylit.uaz.edu.mx\/index.php?rest_route=%2Fwp%2Fv2%2Fmedia&parent=196"}],"curies":[{"name":"wp","href":"https:\/\/api.w.org\/{rel}","templated":true}]}}