{"id":293,"date":"2021-03-25T20:08:43","date_gmt":"2021-03-25T20:08:43","guid":{"rendered":"https:\/\/posgradolingylit.uaz.edu.mx\/?page_id=293"},"modified":"2021-05-07T00:37:50","modified_gmt":"2021-05-07T00:37:50","slug":"inscripciones","status":"publish","type":"page","link":"https:\/\/posgradolingylit.uaz.edu.mx\/?page_id=293","title":{"rendered":"Inscripciones"},"content":{"rendered":"\t\t<div data-elementor-type=\"wp-page\" data-elementor-id=\"293\" class=\"elementor elementor-293\">\n\t\t\t\t\t\t<section class=\"elementor-section elementor-top-section elementor-element elementor-element-4d41ca8 elementor-section-boxed elementor-section-height-default elementor-section-height-default\" data-id=\"4d41ca8\" data-element_type=\"section\">\n\t\t\t\t\t\t<div class=\"elementor-container elementor-column-gap-default\">\n\t\t\t\t\t<div class=\"elementor-column elementor-col-100 elementor-top-column elementor-element elementor-element-6544977f\" data-id=\"6544977f\" data-element_type=\"column\">\n\t\t\t<div class=\"elementor-widget-wrap elementor-element-populated\">\n\t\t\t\t\t\t<div class=\"elementor-element elementor-element-795aa1ad elementor-widget elementor-widget-text-editor\" data-id=\"795aa1ad\" data-element_type=\"widget\" data-widget_type=\"text-editor.default\">\n\t\t\t\t<div class=\"elementor-widget-container\">\n\t\t\t\t\t\t\t<p><!-- wp:html --><\/p>\n<h4 align=\"center\">\u00a0<\/h4>\n<h4 align=\"center\">\u00a0<\/h4>\n<h4 align=\"center\">Etapas de Ingreso<\/h4>\n<div class=\"wp-block-columns\">\n<div class=\"wp-block-column\">\n<p><!-- \/wp:paragraph --><\/p>\n<\/div>\n<p><!-- \/wp:column --><\/p>\n<\/div>\n<p><!-- \/wp:columns --><\/p>\n<p><!-- wp:columns --><\/p>\n<div class=\"wp-block-columns\">\n<p><!-- wp:column --><\/p>\n<div class=\"wp-block-column\">\n<p><!-- wp:paragraph {\"align\":\"center\"} --><\/p>\n<p class=\"has-text-align-center\"><em><span class=\"has-inline-color\" style=\"color: #c39f49;\">Etapa 1<\/span><\/em><\/p>\n<p><!-- \/wp:paragraph --><\/p>\n<p><!-- wp:paragraph --><\/p>\n<p>Entregar la documentaci\u00f3n que requiere el Departamento Escolar Central de la UAZ y el Programa, a saber:<br \/>a) Acta de nacimiento original.<br \/>b) CURP.<br \/>c) Certificado de estudios de licenciatura.<br \/>d) T\u00edtulo de licenciatura.<br \/>e) C\u00e9dula profesional de licenciatura.<br \/>f) Curr\u00edculum vitae (CVU) generado en la plataforma de CONACYT.<br \/>g) Seis fotograf\u00edas tama\u00f1o credencial.<br \/>h) Constancia que acredite la comprensi\u00f3n de un segundo idioma (por ejemplo, TOEFL y\/o examen de ubicaci\u00f3n del CIUAZ con equivalencia de 400 puntos TOEFL).<br \/>i) Dos cartas de recomendaci\u00f3n signadas por autoridades acad\u00e9micas.<br \/>j) Carta compromiso para asistencia a cursos presenciales, conferencias, congresos o simposios organizados para el Programa de la Maestr\u00eda en Competencia Ling\u00fc\u00edstica y Literaria<br \/>k) Solicitud por escrito de ingreso a la MCLL exponiendo los motivos (dirigida al director de la Unidad Acad\u00e9mica).<br \/>l) Alumnos con estudios de licenciatura en el extranjero deber\u00e1n presentar sus documentos de convalidaci\u00f3n ante la SEP.<br \/>m) Alumnos extranjeros con lengua materna distinta deber\u00e1n demostrar el dominio del idioma espa\u00f1ol a trav\u00e9s del centro de idiomas.<br \/>n) Preinscripci\u00f3n por Internet: <a href=\"http:\/\/www2.uaz.edu.mx\/admision\">www2.uaz.edu.mx\/admision<\/a><br \/>o) Pago de derecho a examen EXANI-III.<br \/>p) Examen m\u00e9dico en la cl\u00ednica universitaria (solo aceptados).<\/p>\n<p><!-- \/wp:paragraph --><\/p>\n<\/div>\n<p><!-- \/wp:column --><\/p>\n<p><!-- wp:column --><\/p>\n<div class=\"wp-block-column\">\n<p><!-- wp:paragraph {\"align\":\"center\"} --><\/p>\n<p class=\"has-text-align-center\"><em><span class=\"has-inline-color\" style=\"color: #c39f49;\">Etapa 2<\/span><\/em><\/p>\n<p><!-- \/wp:paragraph --><\/p>\n<p><!-- wp:paragraph --><\/p>\n<p>Asistencia obligatoria al curso proped\u00e9utico, al final del cual el Colegio de Profesores de la MCLL tendr\u00e1 en cuenta los siguientes elementos:<br \/>a) Participaci\u00f3n activa y asistencia 100% al curso.<br \/>b) Inter\u00e9s, aptitudes y conocimientos en el \u00e1rea de lenguas, literatura, comunicaci\u00f3n, did\u00e1ctica\/o pedagog\u00eda.<\/p>\n<p><!-- \/wp:paragraph --><\/p>\n<p><!-- wp:paragraph --><\/p>\n<p><!-- \/wp:paragraph --><\/p>\n<p><!-- wp:paragraph {\"align\":\"center\"} --><\/p>\n<p class=\"has-text-align-center\"><em><span class=\"has-inline-color\" style=\"color: #c39f49;\">Etapa 3<\/span><\/em><\/p>\n<p><!-- \/wp:paragraph --><\/p>\n<p><!-- wp:paragraph --><\/p>\n<p>Entregar un anteproyecto de investigaci\u00f3n aplicada o comunicaci\u00f3n id\u00f3nea de resultados que permita evaluar su dominio de herramientas de investigaci\u00f3n.<\/p>\n<p><!-- \/wp:paragraph --><\/p>\n<p><!-- wp:paragraph --><\/p>\n<p><!-- \/wp:paragraph --><\/p>\n<p><!-- wp:paragraph {\"align\":\"center\"} --><\/p>\n<p class=\"has-text-align-center\"><em><span class=\"has-inline-color\" style=\"color: #c39f49;\">Etapa 4<\/span><\/em><\/p>\n<p><!-- \/wp:paragraph --><\/p>\n<p><!-- wp:paragraph --><\/p>\n<p>Someterse a una entrevista y al dictamen del Comit\u00e9 de Evaluaci\u00f3n de Ingreso, cuyos integrantes considerar\u00e1n al menos los siguientes elementos:<br \/>a) Promedio m\u00ednimo de 8.5 o su equivalente en el grado anterior.<br \/>b) Elementos contemplados en los apartados:<br \/>\u00a0\u00a0\u00a0\u00a0 i) Perfil del aspirante.<br \/>\u00a0\u00a0\u00a0\u00a0 ii) Requisitos de ingreso.<br \/>c) En su caso, presentar la carta de apoyo de la instituci\u00f3n donde trabaja con el compromiso de cumplir con los horarios que se establezcan para las actividades de aula y extra aula.<\/p>\n<p><!-- \/wp:paragraph --><\/p>\n<\/div>\n<p><!-- \/wp:column --><\/p>\n<\/div>\n<p><!-- \/wp:columns --><\/p>\n<p><!-- wp:paragraph --><\/p>\n<p style=\"padding-left: 40px;\"><em><span class=\"has-inline-color\" style=\"color: #c39f49;\">Consideraciones finales:<\/span><\/em><\/p>\n<p style=\"padding-left: 40px;\"><!-- \/wp:paragraph --><\/p>\n<p style=\"padding-left: 40px;\"><!-- wp:paragraph --><\/p>\n<p style=\"padding-left: 40px;\">a) No ser\u00e1n aceptadas inscripciones que no pasen por la preselecci\u00f3n antes se\u00f1alada dentro de los plazos establecidos en la convocatoria. <br \/>b) No se aceptar\u00e1n solicitudes que no logren demostrar disponibilidad de tiempo para trasladarse a la ciudad de Zacatecas asistiendo a los cursos y actividades acad\u00e9micas obligatorias cuando el programa as\u00ed lo requiera (aval institucional y\/o compromiso personal por escrito).<\/p>\n<p style=\"padding-left: 40px;\"><!-- \/wp:paragraph --><\/p>\n<p style=\"padding-left: 40px;\"><!-- wp:paragraph --><\/p>\n<p style=\"padding-left: 40px;\">El calendario de fechas de cada una de las etapas se publica en el mes de mayo<\/p>\n<p style=\"padding-left: 40px;\">\u00a0<\/p>\n<p style=\"padding-left: 40px;\">\u00a0<\/p>\n<p><!-- \/wp:paragraph --><\/p>\n<p><!-- wp:paragraph --><\/p>\n<p><!-- \/wp:paragraph --><\/p>\n<p><!-- wp:image {\"id\":1152,\"sizeSlug\":\"full\",\"linkDestination\":\"none\",\"className\":\"is-style-zoooom\"} --><\/p>\n<figure class=\"wp-block-image size-full is-style-zoooom\"><\/figure>\n<p><!-- \/wp:image --><\/p>\n<p><!-- wp:paragraph --><\/p>\n<p><!-- \/wp:paragraph --><\/p>\t\t\t\t\t\t<\/div>\n\t\t\t\t<\/div>\n\t\t\t\t\t<\/div>\n\t\t<\/div>\n\t\t\t\t\t<\/div>\n\t\t<\/section>\n\t\t\t\t<section class=\"elementor-section elementor-top-section elementor-element elementor-element-5654647 elementor-section-boxed elementor-section-height-default elementor-section-height-default\" data-id=\"5654647\" data-element_type=\"section\">\n\t\t\t\t\t\t<div class=\"elementor-container elementor-column-gap-default\">\n\t\t\t\t\t<div class=\"elementor-column elementor-col-100 elementor-top-column elementor-element elementor-element-2310b84\" data-id=\"2310b84\" data-element_type=\"column\">\n\t\t\t<div class=\"elementor-widget-wrap elementor-element-populated\">\n\t\t\t\t\t\t<div class=\"elementor-element elementor-element-d3bbef4 elementor-align-right elementor-widget elementor-widget-button\" data-id=\"d3bbef4\" data-element_type=\"widget\" data-widget_type=\"button.default\">\n\t\t\t\t<div class=\"elementor-widget-container\">\n\t\t\t\t\t<div class=\"elementor-button-wrapper\">\n\t\t\t<a class=\"elementor-button elementor-button-link elementor-size-sm\" href=\"http:\/\/posgradolingylit.uaz.edu.mx\/wp-content\/uploads\/2021\/05\/UAZ_2021SPAR.pdf\">\n\t\t\t\t\t\t<span class=\"elementor-button-content-wrapper\">\n\t\t\t\t\t\t<span class=\"elementor-button-icon\">\n\t\t\t\t<i aria-hidden=\"true\" class=\"far fa-file-pdf\"><\/i>\t\t\t<\/span>\n\t\t\t\t\t\t\t\t\t<span class=\"elementor-button-text\">Imprimir<\/span>\n\t\t\t\t\t<\/span>\n\t\t\t\t\t<\/a>\n\t\t<\/div>\n\t\t\t\t<\/div>\n\t\t\t\t<\/div>\n\t\t\t\t\t<\/div>\n\t\t<\/div>\n\t\t\t\t\t<\/div>\n\t\t<\/section>\n\t\t\t\t<section class=\"elementor-section elementor-top-section elementor-element elementor-element-3197d78 elementor-section-boxed elementor-section-height-default elementor-section-height-default\" data-id=\"3197d78\" data-element_type=\"section\">\n\t\t\t\t\t\t<div class=\"elementor-container elementor-column-gap-default\">\n\t\t\t\t\t<div class=\"elementor-column elementor-col-100 elementor-top-column elementor-element elementor-element-7c6ed3f\" data-id=\"7c6ed3f\" data-element_type=\"column\">\n\t\t\t<div class=\"elementor-widget-wrap elementor-element-populated\">\n\t\t\t\t\t\t\t<\/div>\n\t\t<\/div>\n\t\t\t\t\t<\/div>\n\t\t<\/section>\n\t\t\t\t<section class=\"elementor-section elementor-top-section elementor-element elementor-element-d89c68e elementor-section-boxed elementor-section-height-default elementor-section-height-default\" data-id=\"d89c68e\" data-element_type=\"section\">\n\t\t\t\t\t\t<div class=\"elementor-container elementor-column-gap-default\">\n\t\t\t\t\t<div class=\"elementor-column elementor-col-100 elementor-top-column elementor-element elementor-element-5252b0b\" data-id=\"5252b0b\" data-element_type=\"column\">\n\t\t\t<div class=\"elementor-widget-wrap elementor-element-populated\">\n\t\t\t\t\t\t<div class=\"elementor-element elementor-element-2b58e74 zoooom elementor-widget elementor-widget-wp-widget-media_image\" data-id=\"2b58e74\" data-element_type=\"widget\" data-widget_type=\"wp-widget-media_image.default\">\n\t\t\t\t<div class=\"elementor-widget-container\">\n\t\t\t<img fetchpriority=\"high\" decoding=\"async\" width=\"1619\" height=\"2560\" src=\"https:\/\/posgradolingylit.uaz.edu.mx\/wp-content\/uploads\/2021\/05\/UAZ_2021SPAR_page-0001-scaled.jpg\" class=\"image wp-image-1152  attachment-full size-full\" alt=\"\" style=\"max-width: 100%; height: auto;\" srcset=\"https:\/\/posgradolingylit.uaz.edu.mx\/wp-content\/uploads\/2021\/05\/UAZ_2021SPAR_page-0001-scaled.jpg 1619w, https:\/\/posgradolingylit.uaz.edu.mx\/wp-content\/uploads\/2021\/05\/UAZ_2021SPAR_page-0001-190x300.jpg 190w, https:\/\/posgradolingylit.uaz.edu.mx\/wp-content\/uploads\/2021\/05\/UAZ_2021SPAR_page-0001-648x1024.jpg 648w, https:\/\/posgradolingylit.uaz.edu.mx\/wp-content\/uploads\/2021\/05\/UAZ_2021SPAR_page-0001-768x1214.jpg 768w, https:\/\/posgradolingylit.uaz.edu.mx\/wp-content\/uploads\/2021\/05\/UAZ_2021SPAR_page-0001-971x1536.jpg 971w, https:\/\/posgradolingylit.uaz.edu.mx\/wp-content\/uploads\/2021\/05\/UAZ_2021SPAR_page-0001-1295x2048.jpg 1295w\" sizes=\"(max-width: 1619px) 100vw, 1619px\" \/>\t\t<\/div>\n\t\t\t\t<\/div>\n\t\t\t\t\t<\/div>\n\t\t<\/div>\n\t\t\t\t\t<\/div>\n\t\t<\/section>\n\t\t\t\t<\/div>\n\t\t","protected":false},"excerpt":{"rendered":"<p>\u00a0 \u00a0 Etapas de Ingreso Etapa 1 Entregar la documentaci\u00f3n que requiere el Departamento Escolar Central de la UAZ y el Programa, a saber:a) Acta de nacimiento original.b) CURP.c) Certificado de estudios de licenciatura.d) T\u00edtulo de licenciatura.e) C\u00e9dula profesional de licenciatura.f) Curr\u00edculum vitae (CVU) generado en la plataforma de CONACYT.g) Seis fotograf\u00edas tama\u00f1o credencial.h) Constancia &hellip; <\/p>\n<div class=\"link-more\"><a href=\"https:\/\/posgradolingylit.uaz.edu.mx\/?page_id=293\" class=\"more-link\">Read More<span class=\"screen-reader-text\"> &#8220;Inscripciones&#8221;<\/span><\/a><\/div>\n","protected":false},"author":2,"featured_media":0,"parent":0,"menu_order":0,"comment_status":"closed","ping_status":"closed","template":"","meta":{"footnotes":""},"class_list":["post-293","page","type-page","status-publish","hentry"],"_links":{"self":[{"href":"https:\/\/posgradolingylit.uaz.edu.mx\/index.php?rest_route=\/wp\/v2\/pages\/293","targetHints":{"allow":["GET"]}}],"collection":[{"href":"https:\/\/posgradolingylit.uaz.edu.mx\/index.php?rest_route=\/wp\/v2\/pages"}],"about":[{"href":"https:\/\/posgradolingylit.uaz.edu.mx\/index.php?rest_route=\/wp\/v2\/types\/page"}],"author":[{"embeddable":true,"href":"https:\/\/posgradolingylit.uaz.edu.mx\/index.php?rest_route=\/wp\/v2\/users\/2"}],"replies":[{"embeddable":true,"href":"https:\/\/posgradolingylit.uaz.edu.mx\/index.php?rest_route=%2Fwp%2Fv2%2Fcomments&post=293"}],"version-history":[{"count":71,"href":"https:\/\/posgradolingylit.uaz.edu.mx\/index.php?rest_route=\/wp\/v2\/pages\/293\/revisions"}],"predecessor-version":[{"id":1238,"href":"https:\/\/posgradolingylit.uaz.edu.mx\/index.php?rest_route=\/wp\/v2\/pages\/293\/revisions\/1238"}],"wp:attachment":[{"href":"https:\/\/posgradolingylit.uaz.edu.mx\/index.php?rest_route=%2Fwp%2Fv2%2Fmedia&parent=293"}],"curies":[{"name":"wp","href":"https:\/\/api.w.org\/{rel}","templated":true}]}}