{"id":299,"date":"2021-03-25T20:17:59","date_gmt":"2021-03-25T20:17:59","guid":{"rendered":"https:\/\/posgradolingylit.uaz.edu.mx\/?page_id=299"},"modified":"2021-04-18T17:16:18","modified_gmt":"2021-04-18T17:16:18","slug":"ca-112","status":"publish","type":"page","link":"https:\/\/posgradolingylit.uaz.edu.mx\/?page_id=299","title":{"rendered":"Cuerpo Acad\u00e9mico 112"},"content":{"rendered":"\n<p class=\"has-text-align-center\"><span style=\"color:#c39f49\" class=\"has-inline-color\"><strong>Lengua y Literatura<\/strong><\/span> <br><\/p>\n\n\n\n<p><\/p>\n\n\n\n<div class=\"wp-block-columns is-layout-flex wp-container-core-columns-is-layout-9d6595d7 wp-block-columns-is-layout-flex\">\n<div class=\"wp-block-column is-layout-flow wp-block-column-is-layout-flow\"><\/div>\n\n\n\n<div class=\"wp-block-column is-layout-flow wp-block-column-is-layout-flow\">\n<p class=\"has-text-align-center\"><strong>Consolidado<\/strong><br> <strong>L\u00edneas de Investigaci\u00f3n:<\/strong>  An\u00e1lisis del texto y del discurso \/ Ling\u00fc\u00edstica aplicada a la planificaci\u00f3n \/ Lexicolog\u00eda.\u00a0<\/p>\n<\/div>\n\n\n\n<div class=\"wp-block-column is-layout-flow wp-block-column-is-layout-flow\"><\/div>\n<\/div>\n\n\n\n<p><\/p>\n\n\n\n<p class=\"has-text-align-center\"><em>Dra. Gabriela Cortez P\u00e9rez, Unidad Acad\u00e9mica de Letras &#8211; Lideresa del CA<\/em><\/p>\n\n\n\n<p class=\"has-text-align-center\"><em>Dra. Martha Cecilia Acosta Cadengo, Unidad Acad\u00e9mica de Letras<\/em><\/p>\n\n\n\n<p class=\"has-text-align-center\"><em>Dra. Beatriz Elizabeth Soto Ba\u00f1uelos, Unidad Acad\u00e9mica de Letras<\/em><\/p>\n\n\n\n<p class=\"has-text-align-center\"><em>Dra. Diana Villagrana \u00c1vila, Unidad Acad\u00e9mica de Ingenier\u00eda<\/em><\/p>\n\n\n\n<p><\/p>\n","protected":false},"excerpt":{"rendered":"<p>Lengua y Literatura Consolidado L\u00edneas de Investigaci\u00f3n: An\u00e1lisis del texto y del discurso \/ Ling\u00fc\u00edstica aplicada a la planificaci\u00f3n \/ Lexicolog\u00eda.\u00a0 Dra. Gabriela Cortez P\u00e9rez, Unidad Acad\u00e9mica de Letras &#8211; Lideresa del CA Dra. Martha Cecilia Acosta Cadengo, Unidad Acad\u00e9mica de Letras Dra. Beatriz Elizabeth Soto Ba\u00f1uelos, Unidad Acad\u00e9mica de Letras Dra. Diana Villagrana \u00c1vila, &hellip; <\/p>\n<div class=\"link-more\"><a href=\"https:\/\/posgradolingylit.uaz.edu.mx\/?page_id=299\" class=\"more-link\">Read More<span class=\"screen-reader-text\"> &#8220;Cuerpo Acad\u00e9mico 112&#8221;<\/span><\/a><\/div>\n","protected":false},"author":2,"featured_media":0,"parent":0,"menu_order":0,"comment_status":"closed","ping_status":"closed","template":"","meta":{"footnotes":""},"class_list":["post-299","page","type-page","status-publish","hentry"],"_links":{"self":[{"href":"https:\/\/posgradolingylit.uaz.edu.mx\/index.php?rest_route=\/wp\/v2\/pages\/299","targetHints":{"allow":["GET"]}}],"collection":[{"href":"https:\/\/posgradolingylit.uaz.edu.mx\/index.php?rest_route=\/wp\/v2\/pages"}],"about":[{"href":"https:\/\/posgradolingylit.uaz.edu.mx\/index.php?rest_route=\/wp\/v2\/types\/page"}],"author":[{"embeddable":true,"href":"https:\/\/posgradolingylit.uaz.edu.mx\/index.php?rest_route=\/wp\/v2\/users\/2"}],"replies":[{"embeddable":true,"href":"https:\/\/posgradolingylit.uaz.edu.mx\/index.php?rest_route=%2Fwp%2Fv2%2Fcomments&post=299"}],"version-history":[{"count":10,"href":"https:\/\/posgradolingylit.uaz.edu.mx\/index.php?rest_route=\/wp\/v2\/pages\/299\/revisions"}],"predecessor-version":[{"id":1112,"href":"https:\/\/posgradolingylit.uaz.edu.mx\/index.php?rest_route=\/wp\/v2\/pages\/299\/revisions\/1112"}],"wp:attachment":[{"href":"https:\/\/posgradolingylit.uaz.edu.mx\/index.php?rest_route=%2Fwp%2Fv2%2Fmedia&parent=299"}],"curies":[{"name":"wp","href":"https:\/\/api.w.org\/{rel}","templated":true}]}}