{"id":66,"date":"2021-03-18T20:06:59","date_gmt":"2021-03-18T20:06:59","guid":{"rendered":"https:\/\/posgradolingylit.uaz.edu.mx\/?page_id=66"},"modified":"2021-04-18T17:16:40","modified_gmt":"2021-04-18T17:16:40","slug":"cuerpos-academicos","status":"publish","type":"page","link":"https:\/\/posgradolingylit.uaz.edu.mx\/?page_id=66","title":{"rendered":"Cuerpo Acad\u00e9mico 255"},"content":{"rendered":"\n<p class=\"has-text-align-center\"><strong><span style=\"color:#c39f49\" class=\"has-inline-color\">Competencias ling\u00fc\u00edstica, literaria y digital aplicadas a la educaci\u00f3n<\/span><\/strong><\/p>\n\n\n\n<p class=\"has-text-align-center\"><em>Dra. M\u00f3nica Mu\u00f1oz Mu\u00f1oz, Unidad Acad\u00e9mica de Letras<\/em> &#8211; <em>Lideresa del CA<\/em><\/p>\n\n\n\n<p class=\"has-text-align-center\"><em>Dra. Valeria Moncada de Le\u00f3n, Unidad Acad\u00e9mica de Letras<\/em><\/p>\n\n\n\n<p class=\"has-text-align-center\"><em>Dra. Nydia Leticia Olvera Castillo, Unidad Acad\u00e9mica de Docencia Superior<\/em><\/p>\n\n\n\n<p><\/p>\n\n\n\n<p><img decoding=\"async\" width=\"15\" height=\"15\" class=\"wp-image-269\" style=\"width: 15px;\" src=\"http:\/\/posgradolingylit.uaz.edu.mx\/wp-content\/uploads\/2021\/03\/584ac2d03ac3a570f94a666d.png\" alt=\"\" srcset=\"https:\/\/posgradolingylit.uaz.edu.mx\/wp-content\/uploads\/2021\/03\/584ac2d03ac3a570f94a666d.png 250w, https:\/\/posgradolingylit.uaz.edu.mx\/wp-content\/uploads\/2021\/03\/584ac2d03ac3a570f94a666d-150x150.png 150w, https:\/\/posgradolingylit.uaz.edu.mx\/wp-content\/uploads\/2021\/03\/584ac2d03ac3a570f94a666d-100x100.png 100w\" sizes=\"(max-width: 15px) 100vw, 15px\" \/> <a href=\"https:\/\/www.facebook.com\/CA-Competencias-ling%C3%BC%C3%ADstica-literaria-y-digital-aplicadas-a-la-educaci%C3%B3n-101051005141175\/\">CA-Competencias ling\u00fc\u00edstica, literaria y digital aplicadas a la educaci\u00f3n<\/a><\/p>\n","protected":false},"excerpt":{"rendered":"<p>Competencias ling\u00fc\u00edstica, literaria y digital aplicadas a la educaci\u00f3n Dra. M\u00f3nica Mu\u00f1oz Mu\u00f1oz, Unidad Acad\u00e9mica de Letras &#8211; Lideresa del CA Dra. Valeria Moncada de Le\u00f3n, Unidad Acad\u00e9mica de Letras Dra. Nydia Leticia Olvera Castillo, Unidad Acad\u00e9mica de Docencia Superior CA-Competencias ling\u00fc\u00edstica, literaria y digital aplicadas a la educaci\u00f3n<\/p>\n","protected":false},"author":2,"featured_media":0,"parent":0,"menu_order":0,"comment_status":"closed","ping_status":"closed","template":"","meta":{"footnotes":""},"class_list":["post-66","page","type-page","status-publish","hentry"],"_links":{"self":[{"href":"https:\/\/posgradolingylit.uaz.edu.mx\/index.php?rest_route=\/wp\/v2\/pages\/66","targetHints":{"allow":["GET"]}}],"collection":[{"href":"https:\/\/posgradolingylit.uaz.edu.mx\/index.php?rest_route=\/wp\/v2\/pages"}],"about":[{"href":"https:\/\/posgradolingylit.uaz.edu.mx\/index.php?rest_route=\/wp\/v2\/types\/page"}],"author":[{"embeddable":true,"href":"https:\/\/posgradolingylit.uaz.edu.mx\/index.php?rest_route=\/wp\/v2\/users\/2"}],"replies":[{"embeddable":true,"href":"https:\/\/posgradolingylit.uaz.edu.mx\/index.php?rest_route=%2Fwp%2Fv2%2Fcomments&post=66"}],"version-history":[{"count":9,"href":"https:\/\/posgradolingylit.uaz.edu.mx\/index.php?rest_route=\/wp\/v2\/pages\/66\/revisions"}],"predecessor-version":[{"id":1114,"href":"https:\/\/posgradolingylit.uaz.edu.mx\/index.php?rest_route=\/wp\/v2\/pages\/66\/revisions\/1114"}],"wp:attachment":[{"href":"https:\/\/posgradolingylit.uaz.edu.mx\/index.php?rest_route=%2Fwp%2Fv2%2Fmedia&parent=66"}],"curies":[{"name":"wp","href":"https:\/\/api.w.org\/{rel}","templated":true}]}}