{"id":934,"date":"2021-04-10T15:24:13","date_gmt":"2021-04-10T15:24:13","guid":{"rendered":"https:\/\/posgradolingylit.uaz.edu.mx\/?page_id=934"},"modified":"2021-04-10T15:35:20","modified_gmt":"2021-04-10T15:35:20","slug":"perfil-de-ingreso","status":"publish","type":"page","link":"https:\/\/posgradolingylit.uaz.edu.mx\/?page_id=934","title":{"rendered":"Perfil de Ingreso"},"content":{"rendered":"\n<p>a) Ser profesionista en cualquier \u00e1rea disciplinar af\u00edn a las letras, los estudios ling\u00fc\u00edsticos, las humanidades en general, las ciencias sociales, los medios de comunicaci\u00f3n o la docencia en educaci\u00f3n b\u00e1sica o de nivel medio superior y superior.\n<br>b) Querer formarse en la planificaci\u00f3n estrat\u00e9gica del dominio ling\u00fc\u00edstico, cultural y literario.\n<br>c) Demostrar competencia en la lectura y comprensi\u00f3n de textos as\u00ed como en la elaboraci\u00f3n de documentos de \u00edndole cient\u00edfica.\n<br>d) Ejercer actitudes de empat\u00eda y entusiasmo hacia el mejoramiento de los procesos de ense\u00f1anza-aprendizaje.\n<br>e) Ser individuos con capacidad de an\u00e1lisis, cr\u00edtica, conciencia social, esp\u00edritu de colaboraci\u00f3n y resoluci\u00f3n de problemas de manera innovadora.\n<br>f) Tener disponibilidad tiempo para cursar los cr\u00e9ditos y titularse en tiempo y forma.\n<br>g) Estar comprometidos con la construcci\u00f3n de un sociedad democr\u00e1tica, tolerante y libertaria que tenga pilar los conocimientos human\u00edsticos y educativos para el ejercicio de la no violencia y la comprensi\u00f3n de la naturaleza humana.\n<br>h) Manejar amplios conocimientos de cultura general as\u00ed como estar dispuesto a aprender y a utilizar de manera transversal sus conocimientos y habilidades comunicativas.\n<\/p>\n","protected":false},"excerpt":{"rendered":"<p>a) Ser profesionista en cualquier \u00e1rea disciplinar af\u00edn a las letras, los estudios ling\u00fc\u00edsticos, las humanidades en general, las ciencias sociales, los medios de comunicaci\u00f3n o la docencia en educaci\u00f3n b\u00e1sica o de nivel medio superior y superior. b) Querer formarse en la planificaci\u00f3n estrat\u00e9gica del dominio ling\u00fc\u00edstico, cultural y literario. c) Demostrar competencia en &hellip; <\/p>\n<div class=\"link-more\"><a href=\"https:\/\/posgradolingylit.uaz.edu.mx\/?page_id=934\" class=\"more-link\">Read More<span class=\"screen-reader-text\"> &#8220;Perfil de Ingreso&#8221;<\/span><\/a><\/div>\n","protected":false},"author":2,"featured_media":0,"parent":0,"menu_order":0,"comment_status":"closed","ping_status":"closed","template":"","meta":{"footnotes":""},"class_list":["post-934","page","type-page","status-publish","hentry"],"_links":{"self":[{"href":"https:\/\/posgradolingylit.uaz.edu.mx\/index.php?rest_route=\/wp\/v2\/pages\/934","targetHints":{"allow":["GET"]}}],"collection":[{"href":"https:\/\/posgradolingylit.uaz.edu.mx\/index.php?rest_route=\/wp\/v2\/pages"}],"about":[{"href":"https:\/\/posgradolingylit.uaz.edu.mx\/index.php?rest_route=\/wp\/v2\/types\/page"}],"author":[{"embeddable":true,"href":"https:\/\/posgradolingylit.uaz.edu.mx\/index.php?rest_route=\/wp\/v2\/users\/2"}],"replies":[{"embeddable":true,"href":"https:\/\/posgradolingylit.uaz.edu.mx\/index.php?rest_route=%2Fwp%2Fv2%2Fcomments&post=934"}],"version-history":[{"count":5,"href":"https:\/\/posgradolingylit.uaz.edu.mx\/index.php?rest_route=\/wp\/v2\/pages\/934\/revisions"}],"predecessor-version":[{"id":949,"href":"https:\/\/posgradolingylit.uaz.edu.mx\/index.php?rest_route=\/wp\/v2\/pages\/934\/revisions\/949"}],"wp:attachment":[{"href":"https:\/\/posgradolingylit.uaz.edu.mx\/index.php?rest_route=%2Fwp%2Fv2%2Fmedia&parent=934"}],"curies":[{"name":"wp","href":"https:\/\/api.w.org\/{rel}","templated":true}]}}